{"id":3,"date":"2024-03-14T14:44:44","date_gmt":"2024-03-14T13:44:44","guid":{"rendered":"https:\/\/simonegianini.ch\/?page_id=3"},"modified":"2024-04-15T09:39:03","modified_gmt":"2024-04-15T07:39:03","slug":"privacy-policy","status":"publish","type":"page","link":"https:\/\/simonegianini.ch\/?page_id=3","title":{"rendered":"Privacy Policy"},"content":{"rendered":"\t\t<div data-elementor-type=\"wp-page\" data-elementor-id=\"3\" class=\"elementor elementor-3\">\n\t\t\t\t<div class=\"elementor-element elementor-element-676d9de e-flex e-con-boxed e-con e-parent\" data-id=\"676d9de\" data-element_type=\"container\" data-e-type=\"container\">\n\t\t\t\t\t<div class=\"e-con-inner\">\n\t\t\t\t<div class=\"elementor-element elementor-element-7feaf3d elementor-widget elementor-widget-spacer\" data-id=\"7feaf3d\" data-element_type=\"widget\" data-e-type=\"widget\" data-widget_type=\"spacer.default\">\n\t\t\t\t<div class=\"elementor-widget-container\">\n\t\t\t\t\t\t\t<div class=\"elementor-spacer\">\n\t\t\t<div class=\"elementor-spacer-inner\"><\/div>\n\t\t<\/div>\n\t\t\t\t\t\t<\/div>\n\t\t\t\t<\/div>\n\t\t\t\t<div class=\"elementor-element elementor-element-e9e755e elementor-widget elementor-widget-heading\" data-id=\"e9e755e\" data-element_type=\"widget\" data-e-type=\"widget\" data-widget_type=\"heading.default\">\n\t\t\t\t<div class=\"elementor-widget-container\">\n\t\t\t\t\t<h2 class=\"elementor-heading-title elementor-size-default\">Privacy Policy<\/h2>\t\t\t\t<\/div>\n\t\t\t\t<\/div>\n\t\t\t\t<div class=\"elementor-element elementor-element-d810948 elementor-widget elementor-widget-text-editor\" data-id=\"d810948\" data-element_type=\"widget\" data-e-type=\"widget\" data-widget_type=\"text-editor.default\">\n\t\t\t\t<div class=\"elementor-widget-container\">\n\t\t\t\t\t\t\t\t\t<p>Ultimo aggiornamento il 15-aprile-2024<br \/>Data di entrata in vigore 15-aprile-2024<\/p><p>La presente Informativa sulla privacy descrive le politiche di Simone Gianini, Bellinzona, Ticino 6500, Svizzera, e-mail: info@simonegianini.ch, sulla raccolta, l&#8217;uso e la divulgazione delle informazioni dell&#8217;utente che raccogliamo quando l&#8217;utente utilizza il nostro sito web ( https:\/\/simonegianini.ch ). (il &#8220;Servizio&#8221;). Accedendo o utilizzando il Servizio, l&#8217;utente acconsente alla raccolta, all&#8217;utilizzo e alla divulgazione delle proprie informazioni in conformit\u00e0 alla presente Informativa sulla privacy. Se non si acconsente a ci\u00f2, si prega di non accedere o utilizzare il Servizio.<\/p><p>Possiamo modificare la presente Informativa sulla privacy in qualsiasi momento senza preavviso e pubblicheremo l&#8217;Informativa sulla privacy modificata sul Servizio. L&#8217;Informativa modificata entrer\u00e0 in vigore 180 giorni dopo la pubblicazione dell&#8217;Informativa modificata nel Servizio e l&#8217;accesso o l&#8217;utilizzo continuato del Servizio da parte dell&#8217;utente dopo tale data costituir\u00e0 l&#8217;accettazione dell&#8217;Informativa modificata. Si consiglia pertanto di rivedere periodicamente questa pagina.<\/p><h5>Come condividiamo le vostre informazioni:<\/h5><p>Non trasferiremo le vostre informazioni personali a terzi senza richiedere il vostro consenso, tranne in circostanze limitate come descritto di seguito:<\/p><ul><li>Analitica<\/li><\/ul><p>Richiediamo a tali terze parti di utilizzare le informazioni personali che trasferiamo loro solo per lo scopo per il quale sono state trasferite e di non conservarle pi\u00f9 a lungo di quanto sia necessario per soddisfare tale scopo.<\/p><p>Potremmo inoltre divulgare i vostri dati personali per quanto segue: (1) per ottemperare a leggi, regolamenti, ordini del tribunale o altri procedimenti legali; (2) per far rispettare i contratti stipulati con noi, compresa la presente Informativa sulla privacy; o (3) per rispondere a richieste di risarcimento per l&#8217;utilizzo del Servizio da parte dell&#8217;utente in violazione di diritti di terzi. Se il Servizio o la nostra societ\u00e0 vengono fusi o acquisiti con un&#8217;altra societ\u00e0, le vostre informazioni saranno uno dei beni trasferiti al nuovo proprietario.<\/p><h5>I vostri diritti:<\/h5><p>A seconda della legge applicabile, potreste avere il diritto di accedere ai vostri dati personali, di rettificarli o cancellarli o di riceverne una copia, di limitare o di opporvi al trattamento attivo dei vostri dati, di chiederci di condividere (trasferire) i vostri dati personali a un&#8217;altra entit\u00e0, di ritirare il consenso che ci avete fornito per il trattamento dei vostri dati, di presentare un reclamo a un&#8217;autorit\u00e0 legale e di esercitare gli altri diritti previsti dalle leggi applicabili. Per esercitare tali diritti, potete scriverci all&#8217;indirizzo info@simonegianini.ch. Risponderemo alla vostra richiesta in conformit\u00e0 alla legge applicabile.<\/p><p>\u00c8 possibile rinunciare alle comunicazioni di marketing diretto o alla profilazione da noi effettuata per finalit\u00e0 di marketing scrivendoci all&#8217;indirizzo info@simonegianini.ch.<\/p><p>Si noti che se non si consente la raccolta o l&#8217;elaborazione delle informazioni personali richieste o si ritira il consenso all&#8217;elaborazione delle stesse per gli scopi richiesti, potrebbe non essere possibile accedere o utilizzare i servizi per i quali sono state richieste le informazioni.<\/p><h5>Cookies etc.<\/h5><p>Per saperne di pi\u00f9 sulle modalit\u00e0 di utilizzo e sulle scelte dell&#8217;utente in relazione a queste tecnologie di tracciamento, consultare la nostra <span style=\"text-decoration: underline;\"><a href=\"https:\/\/simonegianini.ch\/?page_id=14\">Informativa sui cookie<\/a><\/span>.<\/p><h5>Sicurezza:<\/h5><p>La sicurezza delle vostre informazioni \u00e8 importante per noi e utilizzeremo misure di sicurezza ragionevoli per prevenire la perdita, l&#8217;uso improprio o l&#8217;alterazione non autorizzata delle vostre informazioni sotto il nostro controllo. Tuttavia, dati i rischi intrinseci, non possiamo garantire la sicurezza assoluta e, di conseguenza, non possiamo assicurare o garantire la sicurezza delle informazioni che ci trasmettete e lo fate a vostro rischio e pericolo.<\/p><h5>Link a terze parti e uso delle vostre informazioni:<\/h5><p>Il nostro Servizio pu\u00f2 contenere link ad altri siti web che non sono gestiti da noi. La presente Informativa sulla privacy non riguarda la politica sulla privacy e le altre pratiche di terzi, compresi i terzi che gestiscono siti web o servizi accessibili tramite un link sul Servizio. Consigliamo vivamente all&#8217;utente di prendere visione dell&#8217;informativa sulla privacy di ogni sito visitato. Non abbiamo alcun controllo e non ci assumiamo alcuna responsabilit\u00e0 per il contenuto, le politiche sulla privacy o le pratiche di siti o servizi di terzi.<\/p><h5>Reclamo \/ responsabile della protezione dei dati:<\/h5><p>In caso di domande o dubbi sul trattamento dei vostri dati presso di noi, potete inviare un&#8217;e-mail al nostro Grievance Officer presso Simone Gianini, Bellinzona, e-mail: info@simonegianini.ch. Ci occuperemo delle vostre preoccupazioni in conformit\u00e0 con la legge applicabile.<\/p><h5 class=\"Rosso\">Utilizzo dei cookies\u00a0Google Analytics<\/h5><p class=\"Rosso\">Questo sito web utilizza Google Analytics, un servizio di analisi web fornito da Google, Inc. ( \u201cGoogle\u201d) . Google Analytics\u00a0<a href=\"http:\/\/www.google.com\/intl\/it_ALL\/analytics\/learn\/privacy.html\" target=\"_blank\" rel=\"noopener\">(Privacy Policy)<\/a>\u00a0utilizza dei \u201ccookies\u201d, che sono file di testo depositati sul Vostro computer per consentire al sito web di analizzare come gli utenti utilizzano il sito.<\/p><p>Le informazioni generate dal cookie sull\u2019utilizzo del sito web (compreso il Vostro indirizzo IP anonimo) verranno trasmesse e depositate presso i server di Google negli Stati Uniti. Google utilizzer\u00e0 queste informazioni allo scopo di esaminare il Vostro utilizzo del sito web, compilare report sulle attivit\u00e0 del sito per gli operatori dello stesso e fornire altri servizi relativi alle attivit\u00e0 del sito web e all\u2019utilizzo di internet. Google pu\u00f2 anche trasferire queste informazioni a terzi ove ci\u00f2 sia imposto dalla legge o laddove tali terzi trattino le suddette informazioni per conto di Google.<\/p><p>Google non assocer\u00e0 il vostro indirizzo IP a nessun altro dato posseduto da Google. Potete rifiutarvi di usare i cookies selezionando l\u2019impostazione appropriata sul vostro browser, ma si prega di notare che se si fa questo non si pu\u00f2 essere in grado di utilizzare tutte le funzionalit\u00e0 di questo sito web . Utilizzando il presente sito web, voi acconsentite al trattamento dei Vostri dati da parte di Google per le modalit\u00e0 ed i fini sopraindicati .<\/p><p>Si pu\u00f2 impedire a Google il rilevamento di un cookie che viene generato a causa di e legato al Vostro utilizzo di questo sito web (compreso il Vostro indirizzo IP) e l\u2019elaborazione di tali dati scaricando e installando questo plugin per il browser:\u00a0<a href=\"http:\/\/tools.google.com\/dlpage\/gaoptout?hl=it\" target=\"_blank\" rel=\"noopener\">http:\/\/tools.google.com\/dlpage\/gaoptout?hl=it<\/a><\/p>\t\t\t\t\t\t\t\t<\/div>\n\t\t\t\t<\/div>\n\t\t\t\t<div class=\"elementor-element elementor-element-f017d85 elementor-widget elementor-widget-spacer\" data-id=\"f017d85\" data-element_type=\"widget\" data-e-type=\"widget\" data-widget_type=\"spacer.default\">\n\t\t\t\t<div class=\"elementor-widget-container\">\n\t\t\t\t\t\t\t<div class=\"elementor-spacer\">\n\t\t\t<div class=\"elementor-spacer-inner\"><\/div>\n\t\t<\/div>\n\t\t\t\t\t\t<\/div>\n\t\t\t\t<\/div>\n\t\t\t\t\t<\/div>\n\t\t\t\t<\/div>\n\t\t\t\t<\/div>\n\t\t","protected":false},"excerpt":{"rendered":"<p>Privacy Policy Ultimo aggiornamento il 15-aprile-2024Data di entrata in vigore 15-aprile-2024 La presente Informativa sulla privacy descrive le politiche di Simone Gianini, Bellinzona, Ticino 6500, Svizzera, e-mail: info@simonegianini.ch, sulla raccolta, l&#8217;uso e la divulgazione delle informazioni dell&#8217;utente che raccogliamo quando l&#8217;utente utilizza il nostro sito web ( https:\/\/simonegianini.ch ). (il &#8220;Servizio&#8221;). Accedendo o utilizzando il [&hellip;]<\/p>\n","protected":false},"author":1,"featured_media":0,"parent":0,"menu_order":0,"comment_status":"closed","ping_status":"closed","template":"","meta":{"ocean_post_layout":"full-screen","ocean_both_sidebars_style":"","ocean_both_sidebars_content_width":0,"ocean_both_sidebars_sidebars_width":0,"ocean_sidebar":"","ocean_second_sidebar":"","ocean_disable_margins":"enable","ocean_add_body_class":"","ocean_shortcode_before_top_bar":"","ocean_shortcode_after_top_bar":"","ocean_shortcode_before_header":"","ocean_shortcode_after_header":"","ocean_has_shortcode":"","ocean_shortcode_after_title":"","ocean_shortcode_before_footer_widgets":"","ocean_shortcode_after_footer_widgets":"","ocean_shortcode_before_footer_bottom":"","ocean_shortcode_after_footer_bottom":"","ocean_display_top_bar":"default","ocean_display_header":"default","ocean_header_style":"","ocean_center_header_left_menu":"","ocean_custom_header_template":"","ocean_custom_logo":0,"ocean_custom_retina_logo":0,"ocean_custom_logo_max_width":0,"ocean_custom_logo_tablet_max_width":0,"ocean_custom_logo_mobile_max_width":0,"ocean_custom_logo_max_height":0,"ocean_custom_logo_tablet_max_height":0,"ocean_custom_logo_mobile_max_height":0,"ocean_header_custom_menu":"","ocean_menu_typo_font_family":"","ocean_menu_typo_font_subset":"","ocean_menu_typo_font_size":0,"ocean_menu_typo_font_size_tablet":0,"ocean_menu_typo_font_size_mobile":0,"ocean_menu_typo_font_size_unit":"px","ocean_menu_typo_font_weight":"","ocean_menu_typo_font_weight_tablet":"","ocean_menu_typo_font_weight_mobile":"","ocean_menu_typo_transform":"","ocean_menu_typo_transform_tablet":"","ocean_menu_typo_transform_mobile":"","ocean_menu_typo_line_height":0,"ocean_menu_typo_line_height_tablet":0,"ocean_menu_typo_line_height_mobile":0,"ocean_menu_typo_line_height_unit":"","ocean_menu_typo_spacing":0,"ocean_menu_typo_spacing_tablet":0,"ocean_menu_typo_spacing_mobile":0,"ocean_menu_typo_spacing_unit":"","ocean_menu_link_color":"","ocean_menu_link_color_hover":"","ocean_menu_link_color_active":"","ocean_menu_link_background":"","ocean_menu_link_hover_background":"","ocean_menu_link_active_background":"","ocean_menu_social_links_bg":"","ocean_menu_social_hover_links_bg":"","ocean_menu_social_links_color":"","ocean_menu_social_hover_links_color":"","ocean_disable_title":"default","ocean_disable_heading":"default","ocean_post_title":"","ocean_post_subheading":"","ocean_post_title_style":"","ocean_post_title_background_color":"","ocean_post_title_background":0,"ocean_post_title_bg_image_position":"","ocean_post_title_bg_image_attachment":"","ocean_post_title_bg_image_repeat":"","ocean_post_title_bg_image_size":"","ocean_post_title_height":0,"ocean_post_title_bg_overlay":0.5,"ocean_post_title_bg_overlay_color":"","ocean_disable_breadcrumbs":"default","ocean_breadcrumbs_color":"","ocean_breadcrumbs_separator_color":"","ocean_breadcrumbs_links_color":"","ocean_breadcrumbs_links_hover_color":"","ocean_display_footer_widgets":"default","ocean_display_footer_bottom":"default","ocean_custom_footer_template":"","footnotes":""},"class_list":["post-3","page","type-page","status-publish","hentry","entry"],"yoast_head":"<!-- This site is optimized with the Yoast SEO plugin v27.4 - https:\/\/yoast.com\/product\/yoast-seo-wordpress\/ -->\n<title>Privacy Policy - Simone Gianini<\/title>\n<meta name=\"robots\" content=\"index, follow, max-snippet:-1, max-image-preview:large, max-video-preview:-1\" \/>\n<link rel=\"canonical\" href=\"https:\/\/simonegianini.ch\/?page_id=3\" \/>\n<meta property=\"og:locale\" content=\"it_IT\" \/>\n<meta property=\"og:type\" content=\"article\" \/>\n<meta property=\"og:title\" content=\"Privacy Policy - Simone Gianini\" \/>\n<meta property=\"og:description\" content=\"Privacy Policy Ultimo aggiornamento il 15-aprile-2024Data di entrata in vigore 15-aprile-2024 La presente Informativa sulla privacy descrive le politiche di Simone Gianini, Bellinzona, Ticino 6500, Svizzera, e-mail: info@simonegianini.ch, sulla raccolta, l&#8217;uso e la divulgazione delle informazioni dell&#8217;utente che raccogliamo quando l&#8217;utente utilizza il nostro sito web ( https:\/\/simonegianini.ch ). (il &#8220;Servizio&#8221;). Accedendo o utilizzando il [&hellip;]\" \/>\n<meta property=\"og:url\" content=\"https:\/\/simonegianini.ch\/?page_id=3\" \/>\n<meta property=\"og:site_name\" content=\"Simone Gianini\" \/>\n<meta property=\"article:publisher\" content=\"https:\/\/www.facebook.com\/simonegianini.ch\" \/>\n<meta property=\"article:modified_time\" content=\"2024-04-15T07:39:03+00:00\" \/>\n<meta name=\"twitter:card\" content=\"summary_large_image\" \/>\n<meta name=\"twitter:label1\" content=\"Tempo di lettura stimato\" \/>\n\t<meta name=\"twitter:data1\" content=\"5 minuti\" \/>\n<script type=\"application\/ld+json\" class=\"yoast-schema-graph\">{\"@context\":\"https:\\\/\\\/schema.org\",\"@graph\":[{\"@type\":\"WebPage\",\"@id\":\"https:\\\/\\\/simonegianini.ch\\\/?page_id=3\",\"url\":\"https:\\\/\\\/simonegianini.ch\\\/?page_id=3\",\"name\":\"Privacy Policy - Simone Gianini\",\"isPartOf\":{\"@id\":\"https:\\\/\\\/simonegianini.ch\\\/#website\"},\"datePublished\":\"2024-03-14T13:44:44+00:00\",\"dateModified\":\"2024-04-15T07:39:03+00:00\",\"breadcrumb\":{\"@id\":\"https:\\\/\\\/simonegianini.ch\\\/?page_id=3#breadcrumb\"},\"inLanguage\":\"it-IT\",\"potentialAction\":[{\"@type\":\"ReadAction\",\"target\":[\"https:\\\/\\\/simonegianini.ch\\\/?page_id=3\"]}]},{\"@type\":\"BreadcrumbList\",\"@id\":\"https:\\\/\\\/simonegianini.ch\\\/?page_id=3#breadcrumb\",\"itemListElement\":[{\"@type\":\"ListItem\",\"position\":1,\"name\":\"Home\",\"item\":\"https:\\\/\\\/simonegianini.ch\\\/\"},{\"@type\":\"ListItem\",\"position\":2,\"name\":\"Privacy Policy\"}]},{\"@type\":\"WebSite\",\"@id\":\"https:\\\/\\\/simonegianini.ch\\\/#website\",\"url\":\"https:\\\/\\\/simonegianini.ch\\\/\",\"name\":\"Simone Gianini\",\"description\":\"\",\"publisher\":{\"@id\":\"https:\\\/\\\/simonegianini.ch\\\/#organization\"},\"potentialAction\":[{\"@type\":\"SearchAction\",\"target\":{\"@type\":\"EntryPoint\",\"urlTemplate\":\"https:\\\/\\\/simonegianini.ch\\\/?s={search_term_string}\"},\"query-input\":{\"@type\":\"PropertyValueSpecification\",\"valueRequired\":true,\"valueName\":\"search_term_string\"}}],\"inLanguage\":\"it-IT\"},{\"@type\":\"Organization\",\"@id\":\"https:\\\/\\\/simonegianini.ch\\\/#organization\",\"name\":\"Simone Gianini\",\"url\":\"https:\\\/\\\/simonegianini.ch\\\/\",\"logo\":{\"@type\":\"ImageObject\",\"inLanguage\":\"it-IT\",\"@id\":\"https:\\\/\\\/simonegianini.ch\\\/#\\\/schema\\\/logo\\\/image\\\/\",\"url\":\"https:\\\/\\\/simonegianini.ch\\\/wp-content\\\/uploads\\\/2024\\\/03\\\/Screenshot-2024-04-13-alle-12.39.43-1.png\",\"contentUrl\":\"https:\\\/\\\/simonegianini.ch\\\/wp-content\\\/uploads\\\/2024\\\/03\\\/Screenshot-2024-04-13-alle-12.39.43-1.png\",\"width\":1754,\"height\":980,\"caption\":\"Simone Gianini\"},\"image\":{\"@id\":\"https:\\\/\\\/simonegianini.ch\\\/#\\\/schema\\\/logo\\\/image\\\/\"},\"sameAs\":[\"https:\\\/\\\/www.facebook.com\\\/simonegianini.ch\",\"https:\\\/\\\/instagram.com\\\/simonegianini\"]}]}<\/script>\n<!-- \/ Yoast SEO plugin. -->","yoast_head_json":{"title":"Privacy Policy - Simone Gianini","robots":{"index":"index","follow":"follow","max-snippet":"max-snippet:-1","max-image-preview":"max-image-preview:large","max-video-preview":"max-video-preview:-1"},"canonical":"https:\/\/simonegianini.ch\/?page_id=3","og_locale":"it_IT","og_type":"article","og_title":"Privacy Policy - Simone Gianini","og_description":"Privacy Policy Ultimo aggiornamento il 15-aprile-2024Data di entrata in vigore 15-aprile-2024 La presente Informativa sulla privacy descrive le politiche di Simone Gianini, Bellinzona, Ticino 6500, Svizzera, e-mail: info@simonegianini.ch, sulla raccolta, l&#8217;uso e la divulgazione delle informazioni dell&#8217;utente che raccogliamo quando l&#8217;utente utilizza il nostro sito web ( https:\/\/simonegianini.ch ). (il &#8220;Servizio&#8221;). Accedendo o utilizzando il [&hellip;]","og_url":"https:\/\/simonegianini.ch\/?page_id=3","og_site_name":"Simone Gianini","article_publisher":"https:\/\/www.facebook.com\/simonegianini.ch","article_modified_time":"2024-04-15T07:39:03+00:00","twitter_card":"summary_large_image","twitter_misc":{"Tempo di lettura stimato":"5 minuti"},"schema":{"@context":"https:\/\/schema.org","@graph":[{"@type":"WebPage","@id":"https:\/\/simonegianini.ch\/?page_id=3","url":"https:\/\/simonegianini.ch\/?page_id=3","name":"Privacy Policy - Simone Gianini","isPartOf":{"@id":"https:\/\/simonegianini.ch\/#website"},"datePublished":"2024-03-14T13:44:44+00:00","dateModified":"2024-04-15T07:39:03+00:00","breadcrumb":{"@id":"https:\/\/simonegianini.ch\/?page_id=3#breadcrumb"},"inLanguage":"it-IT","potentialAction":[{"@type":"ReadAction","target":["https:\/\/simonegianini.ch\/?page_id=3"]}]},{"@type":"BreadcrumbList","@id":"https:\/\/simonegianini.ch\/?page_id=3#breadcrumb","itemListElement":[{"@type":"ListItem","position":1,"name":"Home","item":"https:\/\/simonegianini.ch\/"},{"@type":"ListItem","position":2,"name":"Privacy Policy"}]},{"@type":"WebSite","@id":"https:\/\/simonegianini.ch\/#website","url":"https:\/\/simonegianini.ch\/","name":"Simone Gianini","description":"","publisher":{"@id":"https:\/\/simonegianini.ch\/#organization"},"potentialAction":[{"@type":"SearchAction","target":{"@type":"EntryPoint","urlTemplate":"https:\/\/simonegianini.ch\/?s={search_term_string}"},"query-input":{"@type":"PropertyValueSpecification","valueRequired":true,"valueName":"search_term_string"}}],"inLanguage":"it-IT"},{"@type":"Organization","@id":"https:\/\/simonegianini.ch\/#organization","name":"Simone Gianini","url":"https:\/\/simonegianini.ch\/","logo":{"@type":"ImageObject","inLanguage":"it-IT","@id":"https:\/\/simonegianini.ch\/#\/schema\/logo\/image\/","url":"https:\/\/simonegianini.ch\/wp-content\/uploads\/2024\/03\/Screenshot-2024-04-13-alle-12.39.43-1.png","contentUrl":"https:\/\/simonegianini.ch\/wp-content\/uploads\/2024\/03\/Screenshot-2024-04-13-alle-12.39.43-1.png","width":1754,"height":980,"caption":"Simone Gianini"},"image":{"@id":"https:\/\/simonegianini.ch\/#\/schema\/logo\/image\/"},"sameAs":["https:\/\/www.facebook.com\/simonegianini.ch","https:\/\/instagram.com\/simonegianini"]}]}},"_links":{"self":[{"href":"https:\/\/simonegianini.ch\/index.php?rest_route=\/wp\/v2\/pages\/3","targetHints":{"allow":["GET"]}}],"collection":[{"href":"https:\/\/simonegianini.ch\/index.php?rest_route=\/wp\/v2\/pages"}],"about":[{"href":"https:\/\/simonegianini.ch\/index.php?rest_route=\/wp\/v2\/types\/page"}],"author":[{"embeddable":true,"href":"https:\/\/simonegianini.ch\/index.php?rest_route=\/wp\/v2\/users\/1"}],"replies":[{"embeddable":true,"href":"https:\/\/simonegianini.ch\/index.php?rest_route=%2Fwp%2Fv2%2Fcomments&post=3"}],"version-history":[{"count":8,"href":"https:\/\/simonegianini.ch\/index.php?rest_route=\/wp\/v2\/pages\/3\/revisions"}],"predecessor-version":[{"id":1127,"href":"https:\/\/simonegianini.ch\/index.php?rest_route=\/wp\/v2\/pages\/3\/revisions\/1127"}],"wp:attachment":[{"href":"https:\/\/simonegianini.ch\/index.php?rest_route=%2Fwp%2Fv2%2Fmedia&parent=3"}],"curies":[{"name":"wp","href":"https:\/\/api.w.org\/{rel}","templated":true}]}}